{"id":588,"date":"2024-12-03T15:29:32","date_gmt":"2024-12-03T18:29:32","guid":{"rendered":"https:\/\/soldpay.com.br\/?page_id=588"},"modified":"2024-12-03T15:40:24","modified_gmt":"2024-12-03T18:40:24","slug":"parceiros","status":"publish","type":"page","link":"https:\/\/soldpay.com.br\/?page_id=588","title":{"rendered":"Parceiros"},"content":{"rendered":"\t\t<div data-elementor-type=\"wp-page\" data-elementor-id=\"588\" class=\"elementor elementor-588\">\n\t\t\t\t\t\t<section class=\"elementor-section elementor-top-section elementor-element elementor-element-375afe57 elementor-section-boxed elementor-section-height-default elementor-section-height-default\" data-id=\"375afe57\" data-element_type=\"section\">\n\t\t\t\t\t\t<div class=\"elementor-container elementor-column-gap-no\">\n\t\t\t\t\t<div class=\"elementor-column elementor-col-100 elementor-top-column elementor-element elementor-element-1a0398d4\" data-id=\"1a0398d4\" data-element_type=\"column\">\n\t\t\t<div class=\"elementor-widget-wrap elementor-element-populated\">\n\t\t\t\t\t\t<section class=\"elementor-section elementor-inner-section elementor-element elementor-element-95b3f45 elementor-section-full_width elementor-section-height-default elementor-section-height-default\" data-id=\"95b3f45\" data-element_type=\"section\">\n\t\t\t\t\t\t<div class=\"elementor-container elementor-column-gap-no\">\n\t\t\t\t\t<div class=\"elementor-column elementor-col-100 elementor-inner-column elementor-element elementor-element-44702b6f\" data-id=\"44702b6f\" data-element_type=\"column\">\n\t\t\t<div class=\"elementor-widget-wrap elementor-element-populated\">\n\t\t\t\t\t\t<div class=\"elementor-element elementor-element-64b123ca elementor-widget elementor-widget-text-editor\" data-id=\"64b123ca\" data-element_type=\"widget\" data-widget_type=\"text-editor.default\">\n\t\t\t\t<div class=\"elementor-widget-container\">\n\t\t\t<style>\/*! elementor - v3.23.0 - 10-07-2024 *\/\n.elementor-widget-text-editor.elementor-drop-cap-view-stacked .elementor-drop-cap{background-color:#69727d;color:#fff}.elementor-widget-text-editor.elementor-drop-cap-view-framed .elementor-drop-cap{color:#69727d;border:3px solid;background-color:transparent}.elementor-widget-text-editor:not(.elementor-drop-cap-view-default) .elementor-drop-cap{margin-top:8px}.elementor-widget-text-editor:not(.elementor-drop-cap-view-default) .elementor-drop-cap-letter{width:1em;height:1em}.elementor-widget-text-editor .elementor-drop-cap{float:left;text-align:center;line-height:1;font-size:50px}.elementor-widget-text-editor .elementor-drop-cap-letter{display:inline-block}<\/style>\t\t\t\t<p><strong>Ser parceiro Sold Pay \u00e9 estar \u00e0 frente do mercado com uma solu\u00e7\u00e3o inovadora e eficiente.<\/strong><\/p><p>Com a Sold Pay, voc\u00ea conta com tecnologia de ponta, suporte dedicado e condi\u00e7\u00f5es competitivas que otimizam suas vendas e reduzem custos. Al\u00e9m disso, nosso compromisso \u00e9 oferecer ferramentas que impulsionam neg\u00f3cios, fortalecendo parcerias com transpar\u00eancia e resultados concretos.<\/p><p>Juntos, transformamos desafios em oportunidades e levamos sua opera\u00e7\u00e3o para o pr\u00f3ximo n\u00edvel!<\/p>\t\t\t\t\t\t<\/div>\n\t\t\t\t<\/div>\n\t\t\t\t<div class=\"elementor-element elementor-element-13ffe5e7 elementor-widget elementor-widget-image\" data-id=\"13ffe5e7\" data-element_type=\"widget\" data-widget_type=\"image.default\">\n\t\t\t\t<div class=\"elementor-widget-container\">\n\t\t\t<style>\/*! elementor - v3.23.0 - 10-07-2024 *\/\n.elementor-widget-image{text-align:center}.elementor-widget-image a{display:inline-block}.elementor-widget-image a img[src$=\".svg\"]{width:48px}.elementor-widget-image img{vertical-align:middle;display:inline-block}<\/style>\t\t\t\t\t\t\t\t\t\t<img fetchpriority=\"high\" decoding=\"async\" width=\"2560\" height=\"1709\" src=\"https:\/\/soldpay.com.br\/wp-content\/uploads\/2023\/02\/BANCO-DIGITAL-scaled.jpeg\" class=\"attachment-full size-full wp-image-425\" alt=\"\" srcset=\"https:\/\/soldpay.com.br\/wp-content\/uploads\/2023\/02\/BANCO-DIGITAL-scaled.jpeg 2560w, https:\/\/soldpay.com.br\/wp-content\/uploads\/2023\/02\/BANCO-DIGITAL-300x200.jpeg 300w, https:\/\/soldpay.com.br\/wp-content\/uploads\/2023\/02\/BANCO-DIGITAL-1024x684.jpeg 1024w, https:\/\/soldpay.com.br\/wp-content\/uploads\/2023\/02\/BANCO-DIGITAL-768x513.jpeg 768w, https:\/\/soldpay.com.br\/wp-content\/uploads\/2023\/02\/BANCO-DIGITAL-1536x1025.jpeg 1536w, https:\/\/soldpay.com.br\/wp-content\/uploads\/2023\/02\/BANCO-DIGITAL-2048x1367.jpeg 2048w, https:\/\/soldpay.com.br\/wp-content\/uploads\/2023\/02\/BANCO-DIGITAL-2000x1335.jpeg 2000w, https:\/\/soldpay.com.br\/wp-content\/uploads\/2023\/02\/BANCO-DIGITAL-600x401.jpeg 600w\" sizes=\"100vw\" \/>\t\t\t\t\t\t\t\t\t\t\t\t\t<\/div>\n\t\t\t\t<\/div>\n\t\t\t\t\t<\/div>\n\t\t<\/div>\n\t\t\t\t\t<\/div>\n\t\t<\/section>\n\t\t\t\t\t<\/div>\n\t\t<\/div>\n\t\t\t\t\t<\/div>\n\t\t<\/section>\n\t\t\t\t<section class=\"elementor-section elementor-top-section elementor-element elementor-element-7dee8a59 elementor-section-boxed elementor-section-height-default elementor-section-height-default\" data-id=\"7dee8a59\" data-element_type=\"section\" data-settings=\"{&quot;background_background&quot;:&quot;classic&quot;}\">\n\t\t\t\t\t\t<div class=\"elementor-container elementor-column-gap-no\">\n\t\t\t\t\t<div class=\"elementor-column elementor-col-100 elementor-top-column elementor-element elementor-element-790156f0\" data-id=\"790156f0\" data-element_type=\"column\">\n\t\t\t<div class=\"elementor-widget-wrap elementor-element-populated\">\n\t\t\t\t\t\t<div class=\"elementor-element elementor-element-4e0f62a0 elementor-widget elementor-widget-heading\" data-id=\"4e0f62a0\" data-element_type=\"widget\" data-widget_type=\"heading.default\">\n\t\t\t\t<div class=\"elementor-widget-container\">\n\t\t\t<style>\/*! elementor - v3.23.0 - 10-07-2024 *\/\n.elementor-heading-title{padding:0;margin:0;line-height:1}.elementor-widget-heading .elementor-heading-title[class*=elementor-size-]>a{color:inherit;font-size:inherit;line-height:inherit}.elementor-widget-heading .elementor-heading-title.elementor-size-small{font-size:15px}.elementor-widget-heading .elementor-heading-title.elementor-size-medium{font-size:19px}.elementor-widget-heading .elementor-heading-title.elementor-size-large{font-size:29px}.elementor-widget-heading .elementor-heading-title.elementor-size-xl{font-size:39px}.elementor-widget-heading .elementor-heading-title.elementor-size-xxl{font-size:59px}<\/style><h2 class=\"elementor-heading-title elementor-size-default\">Contrutotal<\/h2>\t\t<\/div>\n\t\t\t\t<\/div>\n\t\t\t\t\t<\/div>\n\t\t<\/div>\n\t\t\t\t\t<\/div>\n\t\t<\/section>\n\t\t\t\t<section class=\"elementor-section elementor-top-section elementor-element elementor-element-3652f646 elementor-section-boxed elementor-section-height-default elementor-section-height-default\" data-id=\"3652f646\" data-element_type=\"section\" data-settings=\"{&quot;background_background&quot;:&quot;classic&quot;}\">\n\t\t\t\t\t\t<div class=\"elementor-container elementor-column-gap-custom\">\n\t\t\t\t\t<div class=\"elementor-column elementor-col-50 elementor-top-column elementor-element elementor-element-507171bc\" data-id=\"507171bc\" data-element_type=\"column\">\n\t\t\t<div class=\"elementor-widget-wrap elementor-element-populated\">\n\t\t\t\t\t\t<div class=\"elementor-element elementor-element-5322dd4 elementor-widget elementor-widget-video\" data-id=\"5322dd4\" data-element_type=\"widget\" data-settings=\"{&quot;video_type&quot;:&quot;hosted&quot;,&quot;loop&quot;:&quot;yes&quot;,&quot;controls&quot;:&quot;yes&quot;}\" data-widget_type=\"video.default\">\n\t\t\t\t<div class=\"elementor-widget-container\">\n\t\t\t<style>\/*! elementor - v3.23.0 - 10-07-2024 *\/\n.elementor-widget-video .elementor-widget-container{overflow:hidden;transform:translateZ(0)}.elementor-widget-video .elementor-wrapper{aspect-ratio:var(--video-aspect-ratio)}.elementor-widget-video .elementor-wrapper iframe,.elementor-widget-video .elementor-wrapper video{height:100%;width:100%;display:flex;border:none;background-color:#000}@supports not (aspect-ratio:1\/1){.elementor-widget-video .elementor-wrapper{position:relative;overflow:hidden;height:0;padding-bottom:calc(100% \/ var(--video-aspect-ratio))}.elementor-widget-video .elementor-wrapper iframe,.elementor-widget-video .elementor-wrapper video{position:absolute;top:0;right:0;bottom:0;left:0}}.elementor-widget-video .elementor-open-inline .elementor-custom-embed-image-overlay{position:absolute;top:0;right:0;bottom:0;left:0;background-size:cover;background-position:50%}.elementor-widget-video .elementor-custom-embed-image-overlay{cursor:pointer;text-align:center}.elementor-widget-video .elementor-custom-embed-image-overlay:hover .elementor-custom-embed-play i{opacity:1}.elementor-widget-video .elementor-custom-embed-image-overlay img{display:block;width:100%;aspect-ratio:var(--video-aspect-ratio);-o-object-fit:cover;object-fit:cover;-o-object-position:center center;object-position:center center}@supports not (aspect-ratio:1\/1){.elementor-widget-video .elementor-custom-embed-image-overlay{position:relative;overflow:hidden;height:0;padding-bottom:calc(100% \/ var(--video-aspect-ratio))}.elementor-widget-video .elementor-custom-embed-image-overlay img{position:absolute;top:0;right:0;bottom:0;left:0}}.elementor-widget-video .e-hosted-video .elementor-video{-o-object-fit:cover;object-fit:cover}.e-con-inner>.elementor-widget-video,.e-con>.elementor-widget-video{width:var(--container-widget-width);--flex-grow:var(--container-widget-flex-grow)}<\/style>\t\t<div class=\"e-hosted-video elementor-wrapper elementor-open-inline\">\n\t\t\t\t\t<video class=\"elementor-video\" src=\"http:\/\/soldpay.com.br\/wp-content\/uploads\/2024\/12\/sp-m.mp4\" loop=\"\" controls=\"\" preload=\"metadata\" controlsList=\"nodownload\"><\/video>\n\t\t\t\t<\/div>\n\t\t\t\t<\/div>\n\t\t\t\t<\/div>\n\t\t\t\t<div class=\"elementor-element elementor-element-27da232 elementor-widget elementor-widget-wpzoom-elementor-addons-team-members\" data-id=\"27da232\" data-element_type=\"widget\" data-widget_type=\"wpzoom-elementor-addons-team-members.default\">\n\t\t\t\t<div class=\"elementor-widget-container\">\n\t\t\t\n\t\t\n\t\t<div class=\"wpz-member-body\">\n\t\t\t<h2 class=\"wpz-member-name\">Depoimento<\/h2>\n\t\t\t\t\t\t\t<div class=\"wpz-member-position\">Douglas - CEO<\/div>\n\t\t\t\n\t\t\t\t\t\t\t<div class=\"wpz-member-bio\">\n\t\t\t\t\t<p>Mais um excelente parcerio da Sold Pay.<\/p>\n\t\t\t\t<\/div>\n\t\t\t\n\t\t\t\n\t\t\t\n\t\t\t\t\t<\/div>\n\t\t\t\t<\/div>\n\t\t\t\t<\/div>\n\t\t\t\t\t<\/div>\n\t\t<\/div>\n\t\t\t\t<div class=\"elementor-column elementor-col-50 elementor-top-column elementor-element elementor-element-4405bf85\" data-id=\"4405bf85\" data-element_type=\"column\">\n\t\t\t<div class=\"elementor-widget-wrap elementor-element-populated\">\n\t\t\t\t\t\t<div class=\"elementor-element elementor-element-b7bac24 elementor-widget elementor-widget-video\" data-id=\"b7bac24\" data-element_type=\"widget\" data-settings=\"{&quot;video_type&quot;:&quot;hosted&quot;,&quot;controls&quot;:&quot;yes&quot;}\" data-widget_type=\"video.default\">\n\t\t\t\t<div class=\"elementor-widget-container\">\n\t\t\t\t\t<div class=\"e-hosted-video elementor-wrapper elementor-open-inline\">\n\t\t\t\t\t<video class=\"elementor-video\" src=\"http:\/\/soldpay.com.br\/wp-content\/uploads\/2024\/12\/sp-w.mp4\" controls=\"\" preload=\"metadata\" controlsList=\"nodownload\"><\/video>\n\t\t\t\t<\/div>\n\t\t\t\t<\/div>\n\t\t\t\t<\/div>\n\t\t\t\t<div class=\"elementor-element elementor-element-dbfcb9f elementor-widget elementor-widget-wpzoom-elementor-addons-team-members\" data-id=\"dbfcb9f\" data-element_type=\"widget\" data-widget_type=\"wpzoom-elementor-addons-team-members.default\">\n\t\t\t\t<div class=\"elementor-widget-container\">\n\t\t\t\n\t\t\n\t\t<div class=\"wpz-member-body\">\n\t\t\t<h2 class=\"wpz-member-name\">A Empresa<\/h2>\n\t\t\t\t\t\t\t<div class=\"wpz-member-position\">Douglas - CEO<\/div>\n\t\t\t\n\t\t\t\t\t\t\t<div class=\"wpz-member-bio\">\n\t\t\t\t\t<p>Mais um excelente parceiro da Sold Pay.<\/p>\n\t\t\t\t<\/div>\n\t\t\t\n\t\t\t\n\t\t\t\n\t\t\t\t\t<\/div>\n\t\t\t\t<\/div>\n\t\t\t\t<\/div>\n\t\t\t\t\t<\/div>\n\t\t<\/div>\n\t\t\t\t\t<\/div>\n\t\t<\/section>\n\t\t\t\t<\/div>\n\t\t","protected":false},"excerpt":{"rendered":"<p>Ser parceiro Sold Pay \u00e9 estar \u00e0 frente do mercado com uma solu\u00e7\u00e3o inovadora e eficiente. Com a Sold Pay, voc\u00ea conta com tecnologia de ponta, suporte dedicado e condi\u00e7\u00f5es competitivas que otimizam suas vendas e reduzem custos. Al\u00e9m disso, nosso compromisso \u00e9 oferecer ferramentas que impulsionam neg\u00f3cios, fortalecendo parcerias com transpar\u00eancia e resultados concretos. &hellip; <\/p>\n<p class=\"link-more\"><a href=\"https:\/\/soldpay.com.br\/?page_id=588\" class=\"more-link\">Leia mais<span class=\"screen-reader-text\"> &#8220;Parceiros&#8221;<\/span><\/a><\/p>\n","protected":false},"author":1,"featured_media":0,"parent":0,"menu_order":0,"comment_status":"closed","ping_status":"closed","template":"","meta":{"_eb_attr":"","footnotes":""},"class_list":["post-588","page","type-page","status-publish","hentry"],"yoast_head":"<!-- This site is optimized with the Yoast SEO plugin v20.2 - https:\/\/yoast.com\/wordpress\/plugins\/seo\/ -->\n<title>Parceiros - Solu\u00e7\u00f5es de Pagamento<\/title>\n<meta name=\"robots\" content=\"index, follow, max-snippet:-1, max-image-preview:large, max-video-preview:-1\" \/>\n<link rel=\"canonical\" href=\"https:\/\/soldpay.com.br\/?page_id=588\" \/>\n<meta property=\"og:locale\" content=\"pt_BR\" \/>\n<meta property=\"og:type\" content=\"article\" \/>\n<meta property=\"og:title\" content=\"Parceiros - Solu\u00e7\u00f5es de Pagamento\" \/>\n<meta property=\"og:description\" content=\"Ser parceiro Sold Pay \u00e9 estar \u00e0 frente do mercado com uma solu\u00e7\u00e3o inovadora e eficiente. Com a Sold Pay, voc\u00ea conta com tecnologia de ponta, suporte dedicado e condi\u00e7\u00f5es competitivas que otimizam suas vendas e reduzem custos. Al\u00e9m disso, nosso compromisso \u00e9 oferecer ferramentas que impulsionam neg\u00f3cios, fortalecendo parcerias com transpar\u00eancia e resultados concretos. &hellip; Leia mais &quot;Parceiros&quot;\" \/>\n<meta property=\"og:url\" content=\"https:\/\/soldpay.com.br\/?page_id=588\" \/>\n<meta property=\"og:site_name\" content=\"Solu\u00e7\u00f5es de Pagamento\" \/>\n<meta property=\"article:modified_time\" content=\"2024-12-03T18:40:24+00:00\" \/>\n<meta property=\"og:image\" content=\"http:\/\/soldpay.com.br\/wp-content\/uploads\/2023\/02\/BANCO-DIGITAL-scaled.jpeg\" \/>\n<meta name=\"twitter:card\" content=\"summary_large_image\" \/>\n<meta name=\"twitter:label1\" content=\"Est. tempo de leitura\" \/>\n\t<meta name=\"twitter:data1\" content=\"1 minuto\" \/>\n<script type=\"application\/ld+json\" class=\"yoast-schema-graph\">{\"@context\":\"https:\/\/schema.org\",\"@graph\":[{\"@type\":\"WebPage\",\"@id\":\"https:\/\/soldpay.com.br\/?page_id=588\",\"url\":\"https:\/\/soldpay.com.br\/?page_id=588\",\"name\":\"Parceiros - Solu\u00e7\u00f5es de Pagamento\",\"isPartOf\":{\"@id\":\"https:\/\/soldpay.com.br\/#website\"},\"datePublished\":\"2024-12-03T18:29:32+00:00\",\"dateModified\":\"2024-12-03T18:40:24+00:00\",\"breadcrumb\":{\"@id\":\"https:\/\/soldpay.com.br\/?page_id=588#breadcrumb\"},\"inLanguage\":\"pt-BR\",\"potentialAction\":[{\"@type\":\"ReadAction\",\"target\":[\"https:\/\/soldpay.com.br\/?page_id=588\"]}]},{\"@type\":\"BreadcrumbList\",\"@id\":\"https:\/\/soldpay.com.br\/?page_id=588#breadcrumb\",\"itemListElement\":[{\"@type\":\"ListItem\",\"position\":1,\"name\":\"In\u00edcio\",\"item\":\"https:\/\/soldpay.com.br\/\"},{\"@type\":\"ListItem\",\"position\":2,\"name\":\"Parceiros\"}]},{\"@type\":\"WebSite\",\"@id\":\"https:\/\/soldpay.com.br\/#website\",\"url\":\"https:\/\/soldpay.com.br\/\",\"name\":\"Solu\u00e7\u00f5es de Pagamento\",\"description\":\"\",\"publisher\":{\"@id\":\"https:\/\/soldpay.com.br\/#organization\"},\"potentialAction\":[{\"@type\":\"SearchAction\",\"target\":{\"@type\":\"EntryPoint\",\"urlTemplate\":\"https:\/\/soldpay.com.br\/?s={search_term_string}\"},\"query-input\":\"required name=search_term_string\"}],\"inLanguage\":\"pt-BR\"},{\"@type\":\"Organization\",\"@id\":\"https:\/\/soldpay.com.br\/#organization\",\"name\":\"Solu\u00e7\u00f5es de Pagamento\",\"url\":\"https:\/\/soldpay.com.br\/\",\"logo\":{\"@type\":\"ImageObject\",\"inLanguage\":\"pt-BR\",\"@id\":\"https:\/\/soldpay.com.br\/#\/schema\/logo\/image\/\",\"url\":\"https:\/\/soldpay.com.br\/wp-content\/uploads\/2024\/07\/cropped-soldpay-para-camiseta.png\",\"contentUrl\":\"https:\/\/soldpay.com.br\/wp-content\/uploads\/2024\/07\/cropped-soldpay-para-camiseta.png\",\"width\":1258,\"height\":314,\"caption\":\"Solu\u00e7\u00f5es de Pagamento\"},\"image\":{\"@id\":\"https:\/\/soldpay.com.br\/#\/schema\/logo\/image\/\"}}]}<\/script>\n<!-- \/ Yoast SEO plugin. -->","yoast_head_json":{"title":"Parceiros - Solu\u00e7\u00f5es de Pagamento","robots":{"index":"index","follow":"follow","max-snippet":"max-snippet:-1","max-image-preview":"max-image-preview:large","max-video-preview":"max-video-preview:-1"},"canonical":"https:\/\/soldpay.com.br\/?page_id=588","og_locale":"pt_BR","og_type":"article","og_title":"Parceiros - Solu\u00e7\u00f5es de Pagamento","og_description":"Ser parceiro Sold Pay \u00e9 estar \u00e0 frente do mercado com uma solu\u00e7\u00e3o inovadora e eficiente. Com a Sold Pay, voc\u00ea conta com tecnologia de ponta, suporte dedicado e condi\u00e7\u00f5es competitivas que otimizam suas vendas e reduzem custos. Al\u00e9m disso, nosso compromisso \u00e9 oferecer ferramentas que impulsionam neg\u00f3cios, fortalecendo parcerias com transpar\u00eancia e resultados concretos. &hellip; Leia mais \"Parceiros\"","og_url":"https:\/\/soldpay.com.br\/?page_id=588","og_site_name":"Solu\u00e7\u00f5es de Pagamento","article_modified_time":"2024-12-03T18:40:24+00:00","og_image":[{"url":"http:\/\/soldpay.com.br\/wp-content\/uploads\/2023\/02\/BANCO-DIGITAL-scaled.jpeg"}],"twitter_card":"summary_large_image","twitter_misc":{"Est. tempo de leitura":"1 minuto"},"schema":{"@context":"https:\/\/schema.org","@graph":[{"@type":"WebPage","@id":"https:\/\/soldpay.com.br\/?page_id=588","url":"https:\/\/soldpay.com.br\/?page_id=588","name":"Parceiros - Solu\u00e7\u00f5es de Pagamento","isPartOf":{"@id":"https:\/\/soldpay.com.br\/#website"},"datePublished":"2024-12-03T18:29:32+00:00","dateModified":"2024-12-03T18:40:24+00:00","breadcrumb":{"@id":"https:\/\/soldpay.com.br\/?page_id=588#breadcrumb"},"inLanguage":"pt-BR","potentialAction":[{"@type":"ReadAction","target":["https:\/\/soldpay.com.br\/?page_id=588"]}]},{"@type":"BreadcrumbList","@id":"https:\/\/soldpay.com.br\/?page_id=588#breadcrumb","itemListElement":[{"@type":"ListItem","position":1,"name":"In\u00edcio","item":"https:\/\/soldpay.com.br\/"},{"@type":"ListItem","position":2,"name":"Parceiros"}]},{"@type":"WebSite","@id":"https:\/\/soldpay.com.br\/#website","url":"https:\/\/soldpay.com.br\/","name":"Solu\u00e7\u00f5es de Pagamento","description":"","publisher":{"@id":"https:\/\/soldpay.com.br\/#organization"},"potentialAction":[{"@type":"SearchAction","target":{"@type":"EntryPoint","urlTemplate":"https:\/\/soldpay.com.br\/?s={search_term_string}"},"query-input":"required name=search_term_string"}],"inLanguage":"pt-BR"},{"@type":"Organization","@id":"https:\/\/soldpay.com.br\/#organization","name":"Solu\u00e7\u00f5es de Pagamento","url":"https:\/\/soldpay.com.br\/","logo":{"@type":"ImageObject","inLanguage":"pt-BR","@id":"https:\/\/soldpay.com.br\/#\/schema\/logo\/image\/","url":"https:\/\/soldpay.com.br\/wp-content\/uploads\/2024\/07\/cropped-soldpay-para-camiseta.png","contentUrl":"https:\/\/soldpay.com.br\/wp-content\/uploads\/2024\/07\/cropped-soldpay-para-camiseta.png","width":1258,"height":314,"caption":"Solu\u00e7\u00f5es de Pagamento"},"image":{"@id":"https:\/\/soldpay.com.br\/#\/schema\/logo\/image\/"}}]}},"featured_media_urls":[],"_links":{"self":[{"href":"https:\/\/soldpay.com.br\/index.php?rest_route=\/wp\/v2\/pages\/588","targetHints":{"allow":["GET"]}}],"collection":[{"href":"https:\/\/soldpay.com.br\/index.php?rest_route=\/wp\/v2\/pages"}],"about":[{"href":"https:\/\/soldpay.com.br\/index.php?rest_route=\/wp\/v2\/types\/page"}],"author":[{"embeddable":true,"href":"https:\/\/soldpay.com.br\/index.php?rest_route=\/wp\/v2\/users\/1"}],"replies":[{"embeddable":true,"href":"https:\/\/soldpay.com.br\/index.php?rest_route=%2Fwp%2Fv2%2Fcomments&post=588"}],"version-history":[{"count":8,"href":"https:\/\/soldpay.com.br\/index.php?rest_route=\/wp\/v2\/pages\/588\/revisions"}],"predecessor-version":[{"id":609,"href":"https:\/\/soldpay.com.br\/index.php?rest_route=\/wp\/v2\/pages\/588\/revisions\/609"}],"wp:attachment":[{"href":"https:\/\/soldpay.com.br\/index.php?rest_route=%2Fwp%2Fv2%2Fmedia&parent=588"}],"curies":[{"name":"wp","href":"https:\/\/api.w.org\/{rel}","templated":true}]}}